
{"id":1240,"date":"2023-09-04T14:43:32","date_gmt":"2023-09-04T13:43:32","guid":{"rendered":"https:\/\/germen.betterfoods.group\/contactos\/"},"modified":"2026-02-05T17:24:18","modified_gmt":"2026-02-05T17:24:18","slug":"contactos","status":"publish","type":"page","link":"https:\/\/www.germen.betterfoods.group\/es\/contactos\/","title":{"rendered":"Contactos"},"content":{"rendered":"\t\t<div data-elementor-type=\"wp-page\" data-elementor-id=\"1240\" class=\"elementor elementor-1240 elementor-58\" data-elementor-post-type=\"page\">\n\t\t\t\t<div class=\"elementor-element elementor-element-680f384 e-flex e-con-boxed sc_layouts_column_icons_position_left e-con e-parent\" data-id=\"680f384\" data-element_type=\"container\" data-e-type=\"container\">\n\t\t\t\t\t<div class=\"e-con-inner\">\n\t\t<div class=\"elementor-element elementor-element-763c9c0 e-con-full e-flex sc_layouts_column_icons_position_left e-con e-child\" data-id=\"763c9c0\" data-element_type=\"container\" data-e-type=\"container\">\n\t\t\t\t<div class=\"elementor-element elementor-element-fa34fdc sc_height_small sc_fly_static elementor-widget elementor-widget-spacer\" data-id=\"fa34fdc\" data-element_type=\"widget\" data-e-type=\"widget\" data-widget_type=\"spacer.default\">\n\t\t\t\t<div class=\"elementor-widget-container\">\n\t\t\t\t\t\t\t<div class=\"elementor-spacer\">\n\t\t\t<div class=\"elementor-spacer-inner\"><\/div>\n\t\t<\/div>\n\t\t\t\t\t\t<\/div>\n\t\t\t\t<\/div>\n\t\t\t\t<\/div>\n\t\t\t\t\t<\/div>\n\t\t\t\t<\/div>\n\t\t<div class=\"e-con-gap-no elementor-element elementor-element-2096503 e-flex e-con-boxed sc_layouts_column_icons_position_left e-con e-parent\" data-id=\"2096503\" data-element_type=\"container\" data-e-type=\"container\">\n\t\t\t\t\t<div class=\"e-con-inner\">\n\t\t<div class=\"elementor-element elementor-element-ec93b1e e-con-full e-flex sc_layouts_column_icons_position_left e-con e-child\" data-id=\"ec93b1e\" data-element_type=\"container\" data-e-type=\"container\">\n\t\t\t\t<div class=\"elementor-element elementor-element-872fbdb sc_fly_static elementor-widget elementor-widget-trx_sc_title\" data-id=\"872fbdb\" data-element_type=\"widget\" data-e-type=\"widget\" data-widget_type=\"trx_sc_title.default\">\n\t\t\t\t<div class=\"elementor-widget-container\">\n\t\t\t\t\t<div\t\tclass=\"sc_title sc_title_default\" ><span class=\"sc_item_subtitle sc_title_subtitle sc_item_subtitle_above sc_item_title_style_default\">GERMEN<\/span><h2 class=\"sc_item_title sc_title_title sc_item_title_style_default sc_item_title_tag\"\n\t\t\t><span class=\"sc_item_title_text\">HABLE CON NOSOTROS<\/span><\/h2><\/div>\t\t\t\t<\/div>\n\t\t\t\t<\/div>\n\t\t\t\t<div class=\"elementor-element elementor-element-575e677 elementor-button-align-start sc_fly_static elementor-widget elementor-widget-form\" data-id=\"575e677\" data-element_type=\"widget\" data-e-type=\"widget\" data-settings=\"{&quot;step_next_label&quot;:&quot;Siguiente&quot;,&quot;step_previous_label&quot;:&quot;Anterior&quot;,&quot;button_width&quot;:&quot;100&quot;,&quot;step_type&quot;:&quot;number_text&quot;,&quot;step_icon_shape&quot;:&quot;circle&quot;}\" data-widget_type=\"form.default\">\n\t\t\t\t<div class=\"elementor-widget-container\">\n\t\t\t\t\t\t\t<form class=\"elementor-form\" method=\"post\" id=\"Contacto\" name=\"Nuevo formulario\" aria-label=\"Nuevo formulario\">\n\t\t\t<input type=\"hidden\" name=\"post_id\" value=\"1240\"\/>\n\t\t\t<input type=\"hidden\" name=\"form_id\" value=\"575e677\"\/>\n\t\t\t<input type=\"hidden\" name=\"referer_title\" value=\"Contactos - GERMEN\" \/>\n\n\t\t\t\t\t\t\t<input type=\"hidden\" name=\"queried_id\" value=\"1240\"\/>\n\t\t\t\n\t\t\t<div class=\"elementor-form-fields-wrapper elementor-labels-\">\n\t\t\t\t\t\t\t\t<div class=\"elementor-field-type-text elementor-field-group elementor-column elementor-field-group-nome elementor-col-50 elementor-field-required\">\n\t\t\t\t\t\t\t\t\t\t\t\t<label for=\"form-field-nome\" class=\"elementor-field-label elementor-screen-only\">\n\t\t\t\t\t\t\t\tNombre\t\t\t\t\t\t\t<\/label>\n\t\t\t\t\t\t\t\t\t\t\t\t\t\t<input size=\"1\" type=\"text\" name=\"form_fields[nome]\" id=\"form-field-nome\" class=\"elementor-field elementor-size-md  elementor-field-textual\" placeholder=\"Nombre*\" required=\"required\">\n\t\t\t\t\t\t\t\t\t\t\t<\/div>\n\t\t\t\t\t\t\t\t<div class=\"elementor-field-type-email elementor-field-group elementor-column elementor-field-group-email elementor-col-50 elementor-field-required\">\n\t\t\t\t\t\t\t\t\t\t\t\t<label for=\"form-field-email\" class=\"elementor-field-label elementor-screen-only\">\n\t\t\t\t\t\t\t\tEmail\t\t\t\t\t\t\t<\/label>\n\t\t\t\t\t\t\t\t\t\t\t\t\t\t<input size=\"1\" type=\"email\" name=\"form_fields[email]\" id=\"form-field-email\" class=\"elementor-field elementor-size-md  elementor-field-textual\" placeholder=\"E-mail*\" required=\"required\">\n\t\t\t\t\t\t\t\t\t\t\t<\/div>\n\t\t\t\t\t\t\t\t<div class=\"elementor-field-type-select elementor-field-group elementor-column elementor-field-group-entidade elementor-col-50\">\n\t\t\t\t\t\t\t\t\t\t\t\t<label for=\"form-field-entidade\" class=\"elementor-field-label elementor-screen-only\">\n\t\t\t\t\t\t\t\tEntidad*\t\t\t\t\t\t\t<\/label>\n\t\t\t\t\t\t\t\t<div class=\"elementor-field elementor-select-wrapper remove-before \">\n\t\t\t<div class=\"select-caret-down-wrapper\">\n\t\t\t\t<i aria-hidden=\"true\" class=\"eicon-caret-down\"><\/i>\t\t\t<\/div>\n\t\t\t<select name=\"form_fields[entidade]\" id=\"form-field-entidade\" class=\"elementor-field-textual elementor-size-md\">\n\t\t\t\t\t\t\t\t\t<option value=\"Indique si es una empresa o particular\">Indique si es una empresa o particular<\/option>\n\t\t\t\t\t\t\t\t\t<option value=\"Empresa\">Empresa<\/option>\n\t\t\t\t\t\t\t\t\t<option value=\"Particular\">Particular<\/option>\n\t\t\t\t\t\t\t<\/select>\n\t\t<\/div>\n\t\t\t\t\t\t<\/div>\n\t\t\t\t\t\t\t\t<div class=\"elementor-field-type-text elementor-field-group elementor-column elementor-field-group-nif elementor-col-50\">\n\t\t\t\t\t\t\t\t\t\t\t\t<label for=\"form-field-nif\" class=\"elementor-field-label elementor-screen-only\">\n\t\t\t\t\t\t\t\tNIF\t\t\t\t\t\t\t<\/label>\n\t\t\t\t\t\t\t\t\t\t\t\t\t\t<input size=\"1\" type=\"text\" name=\"form_fields[nif]\" id=\"form-field-nif\" class=\"elementor-field elementor-size-md  elementor-field-textual\" placeholder=\"NIF\">\n\t\t\t\t\t\t\t\t\t\t\t<\/div>\n\t\t\t\t\t\t\t\t<div class=\"elementor-field-type-text elementor-field-group elementor-column elementor-field-group-pais elementor-col-50 elementor-field-required\">\n\t\t\t\t\t\t\t\t\t\t\t\t<label for=\"form-field-pais\" class=\"elementor-field-label elementor-screen-only\">\n\t\t\t\t\t\t\t\tPa\u00eds\t\t\t\t\t\t\t<\/label>\n\t\t\t\t\t\t\t\t\t\t\t\t\t\t<input size=\"1\" type=\"text\" name=\"form_fields[pais]\" id=\"form-field-pais\" class=\"elementor-field elementor-size-md  elementor-field-textual\" placeholder=\"Pa\u00eds*\" required=\"required\">\n\t\t\t\t\t\t\t\t\t\t\t<\/div>\n\t\t\t\t\t\t\t\t<div class=\"elementor-field-type-tel elementor-field-group elementor-column elementor-field-group-contactotelefonico elementor-col-50\">\n\t\t\t\t\t\t\t\t\t\t\t\t<label for=\"form-field-contactotelefonico\" class=\"elementor-field-label elementor-screen-only\">\n\t\t\t\t\t\t\t\tTel\u00e9fono\t\t\t\t\t\t\t<\/label>\n\t\t\t\t\t\t\t\t<input size=\"1\" type=\"tel\" name=\"form_fields[contactotelefonico]\" id=\"form-field-contactotelefonico\" class=\"elementor-field elementor-size-md  elementor-field-textual\" placeholder=\"Contacto Telef\u00f3nico\" pattern=\"[0-9()#&amp;+*-=.]+\" title=\"Solo se aceptan n\u00fameros y caracteres de tel\u00e9fono (#,-,*,etc).\">\n\n\t\t\t\t\t\t<\/div>\n\t\t\t\t\t\t\t\t<div class=\"elementor-field-type-textarea elementor-field-group elementor-column elementor-field-group-mensagem elementor-col-100\">\n\t\t\t\t\t\t\t\t\t\t\t\t<label for=\"form-field-mensagem\" class=\"elementor-field-label elementor-screen-only\">\n\t\t\t\t\t\t\t\tMensaje\t\t\t\t\t\t\t<\/label>\n\t\t\t\t\t\t<textarea class=\"elementor-field-textual elementor-field  elementor-size-md\" name=\"form_fields[mensagem]\" id=\"form-field-mensagem\" rows=\"4\" placeholder=\"Escriba su mensaje*\"><\/textarea>\t\t\t\t<\/div>\n\t\t\t\t\t\t\t\t<div class=\"elementor-field-type-html elementor-field-group elementor-column elementor-field-group-field_83b332b elementor-col-100\">\n\t\t\t\t\t<small>*Campos de cumplimentaci\u00f3n obligatoria<\/small>\t\t\t\t<\/div>\n\t\t\t\t\t\t\t\t<div class=\"elementor-field-type-acceptance elementor-field-group elementor-column elementor-field-group-field_5acb7d4 elementor-col-100 elementor-field-required\">\n\t\t\t\t\t\t\t<div class=\"elementor-field-subgroup\">\n\t\t\t<span class=\"elementor-field-option\">\n\t\t\t\t<input type=\"checkbox\" name=\"form_fields[field_5acb7d4]\" id=\"form-field-field_5acb7d4\" class=\"elementor-field elementor-size-md  elementor-acceptance-field\" required=\"required\">\n\t\t\t\t<label for=\"form-field-field_5acb7d4\">He le\u00eddo y estoy de acuerdo con la <a href=\"https:\/\/www.germen.betterfoods.group\/es\/politica-de-privacidad\/\">Pol\u00edtica de Privacidad<\/a> de este sitio web.<\/label>\t\t\t<\/span>\n\t\t<\/div>\n\t\t\t\t\t\t<\/div>\n\t\t\t\t\t\t\t\t<div class=\"elementor-field-type-recaptcha_v3 elementor-field-group elementor-column elementor-field-group-field_dac5ada elementor-col-100 recaptcha_v3-bottomright\">\n\t\t\t\t\t<div class=\"elementor-field\" id=\"form-field-field_dac5ada\"><div class=\"elementor-g-recaptcha\" data-sitekey=\"6LcnuGEsAAAAACU25P-1sX-cIU57MgdPZG__WOTD\" data-type=\"v3\" data-action=\"Form\" data-badge=\"bottomright\" data-size=\"invisible\"><\/div><\/div>\t\t\t\t<\/div>\n\t\t\t\t\t\t\t\t<div class=\"elementor-field-group elementor-column elementor-field-type-submit elementor-col-100 e-form__buttons\">\n\t\t\t\t\t<button class=\"elementor-button elementor-size-md\" type=\"submit\">\n\t\t\t\t\t\t<span class=\"elementor-button-content-wrapper\">\n\t\t\t\t\t\t\t\t\t\t\t\t\t\t\t\t\t\t\t\t\t\t<span class=\"elementor-button-text\">ENVIAR MENSAJE<\/span>\n\t\t\t\t\t\t\t\t\t\t\t\t\t<\/span>\n\t\t\t\t\t<\/button>\n\t\t\t\t<\/div>\n\t\t\t<\/div>\n\t\t<\/form>\n\t\t\t\t\t\t<\/div>\n\t\t\t\t<\/div>\n\t\t\t\t<\/div>\n\t\t<div class=\"elementor-element elementor-element-49dd6e0 e-con-full e-flex sc_layouts_column_icons_position_left e-con e-child\" data-id=\"49dd6e0\" data-element_type=\"container\" data-e-type=\"container\">\n\t\t\t\t<div class=\"elementor-element elementor-element-d602437 sc_fly_static elementor-widget elementor-widget-trx_sc_title\" data-id=\"d602437\" data-element_type=\"widget\" data-e-type=\"widget\" data-widget_type=\"trx_sc_title.default\">\n\t\t\t\t<div class=\"elementor-widget-container\">\n\t\t\t\t\t<div\t\tclass=\"sc_title sc_title_default\" ><span class=\"sc_item_subtitle sc_title_subtitle sc_item_subtitle_above sc_item_title_style_default\">Informaci\u00f3n de Contacto<\/span><div class=\"sc_item_descr sc_title_descr\"><p>Para m\u00e1s informaci\u00f3n, puede contactarnos a trav\u00e9s de los siguientes medios:<\/p>\n<\/div><\/div>\t\t\t\t<\/div>\n\t\t\t\t<\/div>\n\t\t\t\t<div class=\"elementor-element elementor-element-7279f00 sc_fly_static elementor-widget elementor-widget-trx_sc_icons\" data-id=\"7279f00\" data-element_type=\"widget\" data-e-type=\"widget\" data-widget_type=\"trx_sc_icons.default\">\n\t\t\t\t<div class=\"elementor-widget-container\">\n\t\t\t\t\t<div \tclass=\"sc_icons sc_icons_simple sc_icons_size_small sc_align_none\" ><div class=\"sc_icons_columns_wrap sc_item_columns trx_addons_columns_wrap columns_padding_bottom columns_in_single_row\" ><div class=\"trx_addons_column-1_2 trx_addons_column-1_1-tablet\"><div class=\"sc_icons_item\"><div class=\"sc_icons_icon sc_icon_type_ icon-marker\" style=\"color: var(--e-global-color-primary)\" ><span class=\"sc_icon_type_ icon-marker\" style=\"color: var(--e-global-color-primary)\"><\/span><\/div><div class=\"sc_icons_item_details\"><h4 class=\"sc_icons_item_title\"><span>DIRECCI\u00d3N<\/span><\/h4><div class=\"sc_icons_item_description\"><span>Rua Joaquim pinto, 91<\/span><span>4461-901 Senhora da Hora<\/span><span>Portugal<\/span><span><\/span><span><\/span><\/div><\/div><\/div><\/div><div class=\"trx_addons_column-1_2 trx_addons_column-1_1-tablet\"><div class=\"sc_icons_item\"><div class=\"sc_icons_icon sc_icon_type_ icon-phone-2\" style=\"color: var(--e-global-color-primary)\" ><span class=\"sc_icon_type_ icon-phone-2\" style=\"color: var(--e-global-color-primary)\"><\/span><\/div><div class=\"sc_icons_item_details\"><h4 class=\"sc_icons_item_title\"><span>CONTACTOS<\/span><\/h4><div class=\"sc_icons_item_description\"><span>Telf: +351 229 577 140 *<\/span><span>E-mail: geral@germen.betterfoods.group<\/span><span><\/span><span><\/span><span><small>* Coste de llamada a red fija nacional<\/small><\/span><\/div><\/div><\/div><\/div><\/div><\/div><!-- \/.sc_icons -->\t\t\t\t<\/div>\n\t\t\t\t<\/div>\n\t\t\t\t<\/div>\n\t\t\t\t\t<\/div>\n\t\t\t\t<\/div>\n\t\t<div class=\"e-con-gap-no elementor-element elementor-element-4de1f70 e-con-full e-flex sc_layouts_column_icons_position_left e-con e-parent\" data-id=\"4de1f70\" data-element_type=\"container\" data-e-type=\"container\">\n\t\t<div class=\"elementor-element elementor-element-9cc8904 e-con-full e-flex sc_layouts_column_icons_position_left e-con e-child\" data-id=\"9cc8904\" data-element_type=\"container\" data-e-type=\"container\">\n\t\t\t\t<div class=\"elementor-element elementor-element-65b7716 sc_height_small sc_fly_static elementor-widget elementor-widget-spacer\" data-id=\"65b7716\" data-element_type=\"widget\" data-e-type=\"widget\" data-widget_type=\"spacer.default\">\n\t\t\t\t<div class=\"elementor-widget-container\">\n\t\t\t\t\t\t\t<div class=\"elementor-spacer\">\n\t\t\t<div class=\"elementor-spacer-inner\"><\/div>\n\t\t<\/div>\n\t\t\t\t\t\t<\/div>\n\t\t\t\t<\/div>\n\t\t\t\t<div class=\"elementor-element elementor-element-a1f0f39 sc_fly_static elementor-widget elementor-widget-google_maps\" data-id=\"a1f0f39\" data-element_type=\"widget\" data-e-type=\"widget\" data-widget_type=\"google_maps.default\">\n\t\t\t\t<div class=\"elementor-widget-container\">\n\t\t\t\t\t\t\t<div class=\"elementor-custom-embed\">\n\t\t\t<iframe loading=\"lazy\"\n\t\t\t\t\tsrc=\"https:\/\/maps.google.com\/maps?q=Pra%C3%A7a%20do%20CoRua%20Joaquim%20pinto%2C%2091%204461-901%20Senhora%20da%20Hora%20Portugalm%C3%A9rcio%2C%20Lisboa%2C%20Portugal&#038;t=m&#038;z=12&#038;output=embed&#038;iwloc=near\"\n\t\t\t\t\ttitle=\"Pra\u00e7a do CoRua Joaquim pinto, 91 4461-901 Senhora da Hora Portugalm\u00e9rcio, Lisboa, Portugal\"\n\t\t\t\t\taria-label=\"Pra\u00e7a do CoRua Joaquim pinto, 91 4461-901 Senhora da Hora Portugalm\u00e9rcio, Lisboa, Portugal\"\n\t\t\t><\/iframe>\n\t\t<\/div>\n\t\t\t\t\t\t<\/div>\n\t\t\t\t<\/div>\n\t\t\t\t<\/div>\n\t\t\t\t<\/div>\n\t\t\t\t<\/div>\n\t\t","protected":false},"excerpt":{"rendered":"<p>GERMEN HABLE CON NOSOTROS Informaci\u00f3n de Contacto Para m\u00e1s informaci\u00f3n, puede contactarnos a trav\u00e9s de los siguientes medios: DIRECCI\u00d3N Rua Joaquim pinto, 914461-901 Senhora da HoraPortugal CONTACTOS Telf: +351&hellip;<\/p>\n","protected":false},"author":1,"featured_media":0,"parent":0,"menu_order":0,"comment_status":"closed","ping_status":"closed","template":"","meta":{"inline_featured_image":false,"footnotes":""},"class_list":["post-1240","page","type-page","status-publish","hentry"],"_links":{"self":[{"href":"https:\/\/www.germen.betterfoods.group\/es\/wp-json\/wp\/v2\/pages\/1240","targetHints":{"allow":["GET"]}}],"collection":[{"href":"https:\/\/www.germen.betterfoods.group\/es\/wp-json\/wp\/v2\/pages"}],"about":[{"href":"https:\/\/www.germen.betterfoods.group\/es\/wp-json\/wp\/v2\/types\/page"}],"author":[{"embeddable":true,"href":"https:\/\/www.germen.betterfoods.group\/es\/wp-json\/wp\/v2\/users\/1"}],"replies":[{"embeddable":true,"href":"https:\/\/www.germen.betterfoods.group\/es\/wp-json\/wp\/v2\/comments?post=1240"}],"version-history":[{"count":1,"href":"https:\/\/www.germen.betterfoods.group\/es\/wp-json\/wp\/v2\/pages\/1240\/revisions"}],"predecessor-version":[{"id":1242,"href":"https:\/\/www.germen.betterfoods.group\/es\/wp-json\/wp\/v2\/pages\/1240\/revisions\/1242"}],"wp:attachment":[{"href":"https:\/\/www.germen.betterfoods.group\/es\/wp-json\/wp\/v2\/media?parent=1240"}],"curies":[{"name":"wp","href":"https:\/\/api.w.org\/{rel}","templated":true}]}}