
{"id":1333,"date":"2023-09-11T05:43:03","date_gmt":"2023-09-11T04:43:03","guid":{"rendered":"https:\/\/germen.betterfoods.group\/germen\/"},"modified":"2026-01-26T11:53:46","modified_gmt":"2026-01-26T11:53:46","slug":"germen","status":"publish","type":"page","link":"https:\/\/www.germen.betterfoods.group\/es\/germen\/","title":{"rendered":"Germen"},"content":{"rendered":"\t\t<div data-elementor-type=\"wp-page\" data-elementor-id=\"1333\" class=\"elementor elementor-1333 elementor-60\" data-elementor-post-type=\"page\">\n\t\t\t\t<div class=\"elementor-element elementor-element-431ad8d elementor-hidden-mobile e-flex e-con-boxed sc_layouts_column_icons_position_left e-con e-parent\" data-id=\"431ad8d\" data-element_type=\"container\" data-e-type=\"container\">\n\t\t\t\t\t<div class=\"e-con-inner\">\n\t\t<div class=\"elementor-element elementor-element-add031f e-con-full e-flex sc_layouts_column_icons_position_left e-con e-child\" data-id=\"add031f\" data-element_type=\"container\" data-e-type=\"container\">\n\t\t\t\t<div class=\"elementor-element elementor-element-caaf944 sc_height_small sc_fly_static elementor-widget elementor-widget-spacer\" data-id=\"caaf944\" data-element_type=\"widget\" data-e-type=\"widget\" data-widget_type=\"spacer.default\">\n\t\t\t\t<div class=\"elementor-widget-container\">\n\t\t\t\t\t\t\t<div class=\"elementor-spacer\">\n\t\t\t<div class=\"elementor-spacer-inner\"><\/div>\n\t\t<\/div>\n\t\t\t\t\t\t<\/div>\n\t\t\t\t<\/div>\n\t\t\t\t<\/div>\n\t\t\t\t\t<\/div>\n\t\t\t\t<\/div>\n\t\t<div class=\"elementor-element elementor-element-54483dd e-flex e-con-boxed sc_layouts_column_icons_position_left e-con e-parent\" data-id=\"54483dd\" data-element_type=\"container\" data-e-type=\"container\">\n\t\t\t\t\t<div class=\"e-con-inner\">\n\t\t<div class=\"elementor-element elementor-element-ea71377 e-con-full e-flex sc_layouts_column_icons_position_left e-con e-child\" data-id=\"ea71377\" data-element_type=\"container\" data-e-type=\"container\">\n\t\t\t\t<div class=\"elementor-element elementor-element-ae91c4d sc_fly_static elementor-widget elementor-widget-heading\" data-id=\"ae91c4d\" data-element_type=\"widget\" data-e-type=\"widget\" data-widget_type=\"heading.default\">\n\t\t\t\t<div class=\"elementor-widget-container\">\n\t\t\t\t\t<h2 class=\"elementor-heading-title elementor-size-default\">Excelencia e innovaci\u00f3n al servicio de la industria alimentaria<\/h2>\t\t\t\t<\/div>\n\t\t\t\t<\/div>\n\t\t\t\t<div class=\"elementor-element elementor-element-63c4e95 sc_fly_static elementor-widget elementor-widget-text-editor\" data-id=\"63c4e95\" data-element_type=\"widget\" data-e-type=\"widget\" data-widget_type=\"text-editor.default\">\n\t\t\t\t<div class=\"elementor-widget-container\">\n\t\t\t\t\t\t\t\t\t<p data-start=\"65\" data-end=\"351\">Fundada en 1991, GERMEN \u2014 una empresa del Grupo Better Foods \u2014 es una de las mayores empresas molineras de cereales en Portugal. Su origen se debe a la fusi\u00f3n de la Companhia Aveirense de Moagens, la Sociedade Fomento Industrial y, desde 1997, la Sociedade Industrial Vila Franca.<\/p><p data-start=\"353\" data-end=\"608\">Germen es la marca del Grupo Better Foods que ofrece soluciones en harinas, desde las m\u00e1s tradicionales hasta las m\u00e1s innovadoras, como harina de arroz, harina de espelta, harinas para alimentaci\u00f3n infantil y preparados de harina libres de gluten.<\/p>\t\t\t\t\t\t\t\t<\/div>\n\t\t\t\t<\/div>\n\t\t\t\t<\/div>\n\t\t<div class=\"elementor-element elementor-element-adf5e36 e-con-full e-flex sc_layouts_column_icons_position_left e-con e-child\" data-id=\"adf5e36\" data-element_type=\"container\" data-e-type=\"container\">\n\t\t\t\t<div class=\"elementor-element elementor-element-976c089 sc_fly_static elementor-widget elementor-widget-image\" data-id=\"976c089\" data-element_type=\"widget\" data-e-type=\"widget\" data-widget_type=\"image.default\">\n\t\t\t\t<div class=\"elementor-widget-container\">\n\t\t\t\t\t\t\t\t\t\t\t\t\t\t\t<img fetchpriority=\"high\" decoding=\"async\" width=\"563\" height=\"576\" src=\"https:\/\/www.germen.betterfoods.group\/wp-content\/uploads\/2025\/12\/a-germen-1.png\" class=\"attachment-large size-large wp-image-1350\" alt=\"Germen\" srcset=\"https:\/\/www.germen.betterfoods.group\/wp-content\/uploads\/2025\/12\/a-germen-1.png 563w, https:\/\/www.germen.betterfoods.group\/wp-content\/uploads\/2025\/12\/a-germen-1-293x300.png 293w, https:\/\/www.germen.betterfoods.group\/wp-content\/uploads\/2025\/12\/a-germen-1-370x379.png 370w, https:\/\/www.germen.betterfoods.group\/wp-content\/uploads\/2025\/12\/a-germen-1-410x419.png 410w, https:\/\/www.germen.betterfoods.group\/wp-content\/uploads\/2025\/12\/a-germen-1-489x500.png 489w, https:\/\/www.germen.betterfoods.group\/wp-content\/uploads\/2025\/12\/a-germen-1-391x400.png 391w\" sizes=\"(max-width: 600px) 100vw, 563px\" \/>\t\t\t\t\t\t\t\t\t\t\t\t\t\t\t<\/div>\n\t\t\t\t<\/div>\n\t\t\t\t<div data-parallax-params=\"{&quot;parallax&quot;:1,&quot;flow&quot;:&quot;in_out&quot;,&quot;crop&quot;:&quot;none&quot;,&quot;ease&quot;:&quot;power2&quot;,&quot;transition&quot;:1,&quot;duration&quot;:1,&quot;delay&quot;:0,&quot;squeeze&quot;:1,&quot;text&quot;:&quot;block&quot;,&quot;text_separate&quot;:0,&quot;text_wrap&quot;:0,&quot;mouse&quot;:0,&quot;mouse_type&quot;:&quot;transform3d&quot;,&quot;mouse_tilt_amount&quot;:70,&quot;mouse_speed&quot;:10,&quot;mouse_z&quot;:&quot;&quot;,&quot;mouse_handler&quot;:&quot;row&quot;,&quot;range_start&quot;:0,&quot;range_end&quot;:40,&quot;sticky_offset&quot;:0,&quot;lag&quot;:0,&quot;x_start&quot;:0,&quot;x_start_unit&quot;:&quot;px&quot;,&quot;x_end&quot;:0,&quot;x_end_unit&quot;:&quot;px&quot;,&quot;y_start&quot;:0,&quot;y_start_unit&quot;:&quot;px&quot;,&quot;y_end&quot;:0,&quot;y_end_unit&quot;:&quot;px&quot;,&quot;scale_start&quot;:100,&quot;scale_end&quot;:100,&quot;rotate_start&quot;:0,&quot;rotate_end&quot;:0,&quot;opacity_start&quot;:1,&quot;opacity_end&quot;:1,&quot;crop_start&quot;:0,&quot;crop_end&quot;:100,&quot;blur_start&quot;:0,&quot;blur_end&quot;:0,&quot;backdrop_blur_start&quot;:0,&quot;backdrop_blur_end&quot;:0}\" class=\"elementor-element elementor-element-7bfdee2 elementor-absolute sc_parallax sc_parallax_in_out elementor-hidden-tablet_extra elementor-hidden-tablet elementor-hidden-mobile_extra elementor-hidden-mobile sc_fly_static elementor-widget elementor-widget-image\" data-id=\"7bfdee2\" data-element_type=\"widget\" data-e-type=\"widget\" data-settings=\"{&quot;_position&quot;:&quot;absolute&quot;}\" data-widget_type=\"image.default\">\n\t\t\t\t<div class=\"elementor-widget-container\">\n\t\t\t\t\t\t\t\t\t\t\t\t\t\t\t<img decoding=\"async\" width=\"193\" height=\"190\" src=\"https:\/\/www.germen.betterfoods.group\/wp-content\/uploads\/2025\/10\/Componente-2-\u2013-1.png\" class=\"attachment-large size-large wp-image-1334\" alt=\"Componente 2 \u2013 1\" \/>\t\t\t\t\t\t\t\t\t\t\t\t\t\t\t<\/div>\n\t\t\t\t<\/div>\n\t\t\t\t<\/div>\n\t\t\t\t\t<\/div>\n\t\t\t\t<\/div>\n\t\t<div class=\"elementor-element elementor-element-67d9ece e-flex e-con-boxed sc_layouts_column_icons_position_left e-con e-parent\" data-id=\"67d9ece\" data-element_type=\"container\" data-e-type=\"container\">\n\t\t\t\t\t<div class=\"e-con-inner\">\n\t\t<div class=\"elementor-element elementor-element-fe15269 e-con-full e-flex sc_layouts_column_icons_position_left e-con e-child\" data-id=\"fe15269\" data-element_type=\"container\" data-e-type=\"container\">\n\t\t\t\t<div class=\"elementor-element elementor-element-a606a27 sc_height_small sc_fly_static elementor-widget elementor-widget-spacer\" data-id=\"a606a27\" data-element_type=\"widget\" data-e-type=\"widget\" data-widget_type=\"spacer.default\">\n\t\t\t\t<div class=\"elementor-widget-container\">\n\t\t\t\t\t\t\t<div class=\"elementor-spacer\">\n\t\t\t<div class=\"elementor-spacer-inner\"><\/div>\n\t\t<\/div>\n\t\t\t\t\t\t<\/div>\n\t\t\t\t<\/div>\n\t\t\t\t<\/div>\n\t\t\t\t\t<\/div>\n\t\t\t\t<\/div>\n\t\t<div class=\"elementor-element elementor-element-3b4f0da e-flex e-con-boxed sc_layouts_column_icons_position_left e-con e-parent\" data-id=\"3b4f0da\" data-element_type=\"container\" data-e-type=\"container\" data-settings=\"{&quot;background_background&quot;:&quot;classic&quot;}\">\n\t\t\t\t\t<div class=\"e-con-inner\">\n\t\t<div class=\"elementor-element elementor-element-f4b4843 e-con-full e-flex sc_layouts_column_icons_position_left e-con e-child\" data-id=\"f4b4843\" data-element_type=\"container\" data-e-type=\"container\">\n\t\t<div class=\"e-con-gap-no elementor-element elementor-element-5234147 e-con-full e-flex sc_layouts_column_icons_position_left e-con e-child\" data-id=\"5234147\" data-element_type=\"container\" data-e-type=\"container\" data-settings=\"{&quot;background_background&quot;:&quot;classic&quot;}\">\n\t\t<div class=\"elementor-element elementor-element-6128362 e-con-full e-flex sc_layouts_column_icons_position_left e-con e-child\" data-id=\"6128362\" data-element_type=\"container\" data-e-type=\"container\">\n\t\t\t\t<div class=\"elementor-element elementor-element-fc30846 sc_fly_static elementor-widget elementor-widget-text-editor\" data-id=\"fc30846\" data-element_type=\"widget\" data-e-type=\"widget\" data-widget_type=\"text-editor.default\">\n\t\t\t\t<div class=\"elementor-widget-container\">\n\t\t\t\t\t\t\t\t\t<p>Germen cuenta con las m\u00e1s prestigiosas certificaciones del sector alimentario.<\/p>\t\t\t\t\t\t\t\t<\/div>\n\t\t\t\t<\/div>\n\t\t\t\t<\/div>\n\t\t\t\t<\/div>\n\t\t<div class=\"e-con-gap-no elementor-element elementor-element-1f2e1ff e-con-full elementor-hidden-tablet elementor-hidden-mobile_extra elementor-hidden-mobile e-flex sc_layouts_column_icons_position_left e-con e-child\" data-id=\"1f2e1ff\" data-element_type=\"container\" data-e-type=\"container\" data-settings=\"{&quot;background_background&quot;:&quot;classic&quot;}\">\n\t\t\t\t<\/div>\n\t\t\t\t<\/div>\n\t\t<div class=\"elementor-element elementor-element-d7f7583 e-con-full e-flex sc_layouts_column_icons_position_left e-con e-child\" data-id=\"d7f7583\" data-element_type=\"container\" data-e-type=\"container\">\n\t\t\t\t<div class=\"elementor-element elementor-element-322f9f3 sc_fly_static elementor-widget elementor-widget-heading\" data-id=\"322f9f3\" data-element_type=\"widget\" data-e-type=\"widget\" data-widget_type=\"heading.default\">\n\t\t\t\t<div class=\"elementor-widget-container\">\n\t\t\t\t\t<h2 class=\"elementor-heading-title elementor-size-default\">Certificaciones y protocolos<\/h2>\t\t\t\t<\/div>\n\t\t\t\t<\/div>\n\t\t\t\t<div class=\"elementor-element elementor-element-fe42cf6 sc_fly_static elementor-widget elementor-widget-text-editor\" data-id=\"fe42cf6\" data-element_type=\"widget\" data-e-type=\"widget\" data-widget_type=\"text-editor.default\">\n\t\t\t\t<div class=\"elementor-widget-container\">\n\t\t\t\t\t\t\t\t\t<p data-start=\"122\" data-end=\"297\">Germen, al igual que las dem\u00e1s unidades de producci\u00f3n del grupo, cuenta con certificaciones de renombre en el sector alimentario, como BRCGS Food Safety, Kosher y Halal.<\/p><p data-start=\"299\" data-end=\"531\">Paralelamente, es la unidad del Grupo con una l\u00ednea exclusiva dedicada a la producci\u00f3n de harinas libres de gluten, contando adem\u00e1s con la certificaci\u00f3n BRCGS Gluten-Free y con el sello de la Asociaci\u00f3n Portuguesa de Cel\u00edacos.<\/p><p data-start=\"533\" data-end=\"712\">Tambi\u00e9n dispone de una l\u00ednea de producci\u00f3n de harina de trigo elaborada a partir de cereales del Alentejo, desarrollada en colaboraci\u00f3n con ANPOC y certificada por CERTIS.<\/p>\t\t\t\t\t\t\t\t<\/div>\n\t\t\t\t<\/div>\n\t\t\t\t<div class=\"elementor-element elementor-element-af0f01a sc_fly_static elementor-widget elementor-widget-spacer\" data-id=\"af0f01a\" data-element_type=\"widget\" data-e-type=\"widget\" data-widget_type=\"spacer.default\">\n\t\t\t\t<div class=\"elementor-widget-container\">\n\t\t\t\t\t\t\t<div class=\"elementor-spacer\">\n\t\t\t<div class=\"elementor-spacer-inner\"><\/div>\n\t\t<\/div>\n\t\t\t\t\t\t<\/div>\n\t\t\t\t<\/div>\n\t\t\t\t<div class=\"elementor-element elementor-element-28b67b8 sc_fly_static elementor-widget elementor-widget-heading\" data-id=\"28b67b8\" data-element_type=\"widget\" data-e-type=\"widget\" data-widget_type=\"heading.default\">\n\t\t\t\t<div class=\"elementor-widget-container\">\n\t\t\t\t\t<h2 class=\"elementor-heading-title elementor-size-default\">Laboratorio interno y panader\u00eda experimental<\/h2>\t\t\t\t<\/div>\n\t\t\t\t<\/div>\n\t\t\t\t<div class=\"elementor-element elementor-element-d78d4bb sc_fly_static elementor-widget elementor-widget-text-editor\" data-id=\"d78d4bb\" data-element_type=\"widget\" data-e-type=\"widget\" data-widget_type=\"text-editor.default\">\n\t\t\t\t<div class=\"elementor-widget-container\">\n\t\t\t\t\t\t\t\t\t<p data-start=\"104\" data-end=\"351\">En Germen se encuentra el laboratorio interno del Grupo Better Foods, que cumple con todos los requisitos y normas de Calidad y Seguridad Alimentaria, donde se realizan diariamente pruebas a los cereales recibidos y a las harinas producidas.<\/p><p data-start=\"353\" data-end=\"569\">El Grupo Better Foods tambi\u00e9n cuenta con una panader\u00eda experimental, utilizada por todas las unidades del grupo, incluida Germen, que cumple con todos los requisitos y normas de Calidad y Seguridad Alimentaria.<\/p><p data-start=\"571\" data-end=\"728\">Cada d\u00eda se producen cientos de panes con el objetivo de garantizar que solo los productos conformes y de m\u00e1xima calidad lleguen a nuestros clientes.<\/p>\t\t\t\t\t\t\t\t<\/div>\n\t\t\t\t<\/div>\n\t\t\t\t<\/div>\n\t\t\t\t\t<\/div>\n\t\t\t\t<\/div>\n\t\t<div class=\"elementor-element elementor-element-5cc6091 sc_layouts_row sc_layouts_row_type_normal e-flex e-con-boxed sc_layouts_column_icons_position_left e-con e-parent\" data-id=\"5cc6091\" data-element_type=\"container\" data-e-type=\"container\" data-settings=\"{&quot;background_background&quot;:&quot;classic&quot;}\">\n\t\t\t\t\t<div class=\"e-con-inner\">\n\t\t<div class=\"elementor-element elementor-element-d1803d4 e-con-full e-flex sc_layouts_column_icons_position_left e-con e-child\" data-id=\"d1803d4\" data-element_type=\"container\" data-e-type=\"container\">\n\t\t\t\t<div class=\"elementor-element elementor-element-d38bccb sc_fly_static elementor-widget elementor-widget-heading\" data-id=\"d38bccb\" data-element_type=\"widget\" data-e-type=\"widget\" data-widget_type=\"heading.default\">\n\t\t\t\t<div class=\"elementor-widget-container\">\n\t\t\t\t\t<h4 class=\"elementor-heading-title elementor-size-default\">Para otras soluciones visite betterfoods.group<\/h4>\t\t\t\t<\/div>\n\t\t\t\t<\/div>\n\t\t\t\t<\/div>\n\t\t<div class=\"elementor-element elementor-element-81fe0b0 e-con-full e-flex sc_layouts_column_icons_position_left e-con e-child\" data-id=\"81fe0b0\" data-element_type=\"container\" data-e-type=\"container\">\n\t\t\t\t<div class=\"elementor-element elementor-element-7338c24 sc_fly_static elementor-widget elementor-widget-trx_sc_button\" data-id=\"7338c24\" data-element_type=\"widget\" data-e-type=\"widget\" data-widget_type=\"trx_sc_button.default\">\n\t\t\t\t<div class=\"elementor-widget-container\">\n\t\t\t\t\t<div\tclass=\"sc_item_button sc_button_wrap sc_align_right\" ><a href=\"https:\/\/www.betterfoods.group\/\" class=\"sc_button sc_button_hover sc_button_size_normal sc_button_icon_left\" target=\"_blank\" ><span class=\"sc_button_text\"><span class=\"sc_button_title\">Website Better Foods Group<\/span><\/span><\/a><\/div>\t\t\t\t<\/div>\n\t\t\t\t<\/div>\n\t\t\t\t<\/div>\n\t\t\t\t\t<\/div>\n\t\t\t\t<\/div>\n\t\t\t\t<\/div>\n\t\t","protected":false},"excerpt":{"rendered":"<p>Excelencia e innovaci\u00f3n al servicio de la industria alimentaria Fundada en 1991, GERMEN \u2014 una empresa del Grupo Better Foods \u2014 es una de las mayores empresas molineras de&hellip;<\/p>\n","protected":false},"author":1,"featured_media":0,"parent":0,"menu_order":0,"comment_status":"closed","ping_status":"closed","template":"","meta":{"inline_featured_image":false,"footnotes":""},"class_list":["post-1333","page","type-page","status-publish","hentry"],"_links":{"self":[{"href":"https:\/\/www.germen.betterfoods.group\/es\/wp-json\/wp\/v2\/pages\/1333","targetHints":{"allow":["GET"]}}],"collection":[{"href":"https:\/\/www.germen.betterfoods.group\/es\/wp-json\/wp\/v2\/pages"}],"about":[{"href":"https:\/\/www.germen.betterfoods.group\/es\/wp-json\/wp\/v2\/types\/page"}],"author":[{"embeddable":true,"href":"https:\/\/www.germen.betterfoods.group\/es\/wp-json\/wp\/v2\/users\/1"}],"replies":[{"embeddable":true,"href":"https:\/\/www.germen.betterfoods.group\/es\/wp-json\/wp\/v2\/comments?post=1333"}],"version-history":[{"count":4,"href":"https:\/\/www.germen.betterfoods.group\/es\/wp-json\/wp\/v2\/pages\/1333\/revisions"}],"predecessor-version":[{"id":1449,"href":"https:\/\/www.germen.betterfoods.group\/es\/wp-json\/wp\/v2\/pages\/1333\/revisions\/1449"}],"wp:attachment":[{"href":"https:\/\/www.germen.betterfoods.group\/es\/wp-json\/wp\/v2\/media?parent=1333"}],"curies":[{"name":"wp","href":"https:\/\/api.w.org\/{rel}","templated":true}]}}